{"id":11,"date":"2021-02-08T13:25:11","date_gmt":"2021-02-08T13:25:11","guid":{"rendered":"https:\/\/www.penankeitot.fi\/blogi\/?page_id=11"},"modified":"2021-06-18T07:25:20","modified_gmt":"2021-06-18T07:25:20","slug":"reseptit","status":"publish","type":"page","link":"https:\/\/www.penankeitot.fi\/blogi\/","title":{"rendered":"Reseptit"},"content":{"rendered":"\n\n\n\n[et_pb_section fb_built=&#8221;1&#8243; fullwidth=&#8221;on&#8221; _builder_version=&#8221;4.3.2&#8243;][et_pb_fullwidth_header title=&#8221;Penan keitot -edullista, helppoa, kevytt\u00e4 ja hyv\u00e4\u00e4&#8221; text_orientation=&#8221;center&#8221; header_fullscreen=&#8221;on&#8221; background_overlay_color=&#8221;#000000&#8243; logo_image_url=&#8221;https:\/\/www.penankeitot.fi\/blogi\/wp-content\/uploads\/2021\/02\/Ruokapadat-Kotisivun-paakuva-pienennetty-tiedosto-1.jpg&#8221; _builder_version=&#8221;4.9.0&#8243; content_font_size=&#8221;18px&#8221; background_color=&#8221;rgba(102,102,102,0)&#8221; background_image=&#8221;https:\/\/www.penankeitot.fi\/blogi\/wp-content\/uploads\/2021\/02\/Kevyet-keitot-1024&#215;683.jpg&#8221; background_blend=&#8221;multiply&#8221; custom_margin=&#8221;-3px|-5px|-126px|5px|false|false&#8221; custom_padding=&#8221;0px||101px|0px|false|false&#8221; mix_blend_mode=&#8221;multiply&#8221; child_mix_blend_mode=&#8221;multiply&#8221; border_color_all_image=&#8221;rgba(51,33,12,0.3)&#8221;]<p>Keittoihin ja keitoksiin keskittynyt ruokablogi.<\/p>[\/et_pb_fullwidth_header][\/et_pb_section][et_pb_section fb_built=&#8221;1&#8243; _builder_version=&#8221;4.3.2&#8243; min_height=&#8221;1119.8px&#8221;][et_pb_row column_structure=&#8221;3_4,1_4&#8243; _builder_version=&#8221;4.8.2&#8243;][et_pb_column type=&#8221;3_4&#8243; _builder_version=&#8221;4.3.2&#8243;][et_pb_blog fullwidth=&#8221;off&#8221; include_categories=&#8221;all&#8221; use_manual_excerpt=&#8221;off&#8221; _builder_version=&#8221;4.9.0&#8243; hover_enabled=&#8221;0&#8243; sticky_enabled=&#8221;0&#8243;][\/et_pb_blog][\/et_pb_column][et_pb_column type=&#8221;1_4&#8243; _builder_version=&#8221;4.3.2&#8243;][et_pb_sidebar _builder_version=&#8221;4.9.0&#8243; _module_preset=&#8221;default&#8221;][\/et_pb_sidebar][et_pb_image src=&#8221;https:\/\/www.penankeitot.fi\/blogi\/wp-content\/uploads\/2021\/02\/Penan-kuva-pienempi.jpeg&#8221; title_text=&#8221;Penan kuva pienempi&#8221; _builder_version=&#8221;4.9.0&#8243; _module_preset=&#8221;default&#8221; background_color=&#8221;#000000&#8243; background_image=&#8221;https:\/\/www.penankeitot.fi\/blogi\/wp-content\/uploads\/2021\/02\/Penan-kuva-pienempi.jpeg&#8221;][\/et_pb_image][et_pb_text _builder_version=&#8221;4.9.0&#8243; _module_preset=&#8221;default&#8221;]<p>Olen Pertti Pellas ja olen ammatiltani kokki. Harrastan uusien makujen yhdistelmi\u00e4 ja kokeiluja. T\u00e4m\u00e4 kevyeen ruokaan keskittynyt blogi sai alkunsa terveellisemm\u00e4n el\u00e4m\u00e4n tukemisesta. Pyrin keksim\u00e4\u00e4n ja laittamaan t\u00e4h\u00e4n terveellisi\u00e4 sek\u00e4 maukkaita reseptej\u00e4.\u00a0<\/p>[\/et_pb_text][\/et_pb_column][\/et_pb_row][\/et_pb_section]\n\n\n\n","protected":false},"excerpt":{"rendered":"<p>Keittoihin ja keitoksiin keskittynyt ruokablogi.Olen Pertti Pellas ja olen ammatiltani kokki. Harrastan uusien makujen yhdistelmi\u00e4 ja kokeiluja. T\u00e4m\u00e4 kevyeen ruokaan keskittynyt blogi sai alkunsa terveellisemm\u00e4n el\u00e4m\u00e4n tukemisesta. Pyrin keksim\u00e4\u00e4n ja laittamaan t\u00e4h\u00e4n terveellisi\u00e4 sek\u00e4 maukkaita reseptej\u00e4.\u00a0<\/p>\n","protected":false},"author":1,"featured_media":0,"parent":0,"menu_order":0,"comment_status":"closed","ping_status":"closed","template":"","meta":{"_et_pb_use_builder":"on","_et_pb_old_content":"","_et_gb_content_width":"","footnotes":""},"class_list":["post-11","page","type-page","status-publish","hentry"],"yoast_head":"<!-- This site is optimized with the Yoast SEO plugin v27.5 - https:\/\/yoast.com\/product\/yoast-seo-wordpress\/ -->\n<title>Reseptit - Penankeitot<\/title>\n<meta name=\"description\" content=\"Poweria keitoista! T\u00e4m\u00e4 ruokablogi keskittyy erityisesti teemaan kevyet, edulliset, terveelliset ja maukkaat keitot ja keitokset.\" \/>\n<meta name=\"robots\" content=\"index, follow, max-snippet:-1, max-image-preview:large, max-video-preview:-1\" \/>\n<link rel=\"canonical\" href=\"https:\/\/www.penankeitot.fi\/blogi\/\" \/>\n<meta property=\"og:locale\" content=\"fi_FI\" \/>\n<meta property=\"og:type\" content=\"article\" \/>\n<meta property=\"og:title\" content=\"Reseptit - Penankeitot\" \/>\n<meta property=\"og:description\" content=\"Poweria keitoista! T\u00e4m\u00e4 ruokablogi keskittyy erityisesti teemaan kevyet, edulliset, terveelliset ja maukkaat keitot ja keitokset.\" \/>\n<meta property=\"og:url\" content=\"https:\/\/www.penankeitot.fi\/blogi\/\" \/>\n<meta property=\"og:site_name\" content=\"Penankeitot\" \/>\n<meta property=\"article:modified_time\" content=\"2021-06-18T07:25:20+00:00\" \/>\n<meta name=\"twitter:card\" content=\"summary_large_image\" \/>\n<meta name=\"twitter:label1\" content=\"Arvioitu lukuaika\" \/>\n\t<meta name=\"twitter:data1\" content=\"1 minuutti\" \/>\n<script type=\"application\/ld+json\" class=\"yoast-schema-graph\">{\"@context\":\"https:\\\/\\\/schema.org\",\"@graph\":[{\"@type\":\"WebPage\",\"@id\":\"https:\\\/\\\/www.penankeitot.fi\\\/blogi\\\/\",\"url\":\"https:\\\/\\\/www.penankeitot.fi\\\/blogi\\\/\",\"name\":\"Reseptit - Penankeitot\",\"isPartOf\":{\"@id\":\"https:\\\/\\\/www.penankeitot.fi\\\/blogi\\\/#website\"},\"datePublished\":\"2021-02-08T13:25:11+00:00\",\"dateModified\":\"2021-06-18T07:25:20+00:00\",\"description\":\"Poweria keitoista! T\u00e4m\u00e4 ruokablogi keskittyy erityisesti teemaan kevyet, edulliset, terveelliset ja maukkaat keitot ja keitokset.\",\"breadcrumb\":{\"@id\":\"https:\\\/\\\/www.penankeitot.fi\\\/blogi\\\/#breadcrumb\"},\"inLanguage\":\"fi\",\"potentialAction\":[{\"@type\":\"ReadAction\",\"target\":[\"https:\\\/\\\/www.penankeitot.fi\\\/blogi\\\/\"]}]},{\"@type\":\"BreadcrumbList\",\"@id\":\"https:\\\/\\\/www.penankeitot.fi\\\/blogi\\\/#breadcrumb\",\"itemListElement\":[{\"@type\":\"ListItem\",\"position\":1,\"name\":\"Etusivu\",\"item\":\"https:\\\/\\\/www.penankeitot.fi\\\/blogi\\\/\"},{\"@type\":\"ListItem\",\"position\":2,\"name\":\"Reseptit\"}]},{\"@type\":\"WebSite\",\"@id\":\"https:\\\/\\\/www.penankeitot.fi\\\/blogi\\\/#website\",\"url\":\"https:\\\/\\\/www.penankeitot.fi\\\/blogi\\\/\",\"name\":\"Penankeitot\",\"description\":\"Yksi WordPress sivusto\",\"publisher\":{\"@id\":\"https:\\\/\\\/www.penankeitot.fi\\\/blogi\\\/#\\\/schema\\\/person\\\/ba73f2d82a47e9583ac44a6f4f9d4dd3\"},\"potentialAction\":[{\"@type\":\"SearchAction\",\"target\":{\"@type\":\"EntryPoint\",\"urlTemplate\":\"https:\\\/\\\/www.penankeitot.fi\\\/blogi\\\/?s={search_term_string}\"},\"query-input\":{\"@type\":\"PropertyValueSpecification\",\"valueRequired\":true,\"valueName\":\"search_term_string\"}}],\"inLanguage\":\"fi\"},{\"@type\":[\"Person\",\"Organization\"],\"@id\":\"https:\\\/\\\/www.penankeitot.fi\\\/blogi\\\/#\\\/schema\\\/person\\\/ba73f2d82a47e9583ac44a6f4f9d4dd3\",\"name\":\"Pena\",\"image\":{\"@type\":\"ImageObject\",\"inLanguage\":\"fi\",\"@id\":\"https:\\\/\\\/secure.gravatar.com\\\/avatar\\\/bcbe928b6cce5513b067a38245751c38909a064f7043a1904dd037330752b11d?s=96&d=mm&r=g\",\"url\":\"https:\\\/\\\/secure.gravatar.com\\\/avatar\\\/bcbe928b6cce5513b067a38245751c38909a064f7043a1904dd037330752b11d?s=96&d=mm&r=g\",\"contentUrl\":\"https:\\\/\\\/secure.gravatar.com\\\/avatar\\\/bcbe928b6cce5513b067a38245751c38909a064f7043a1904dd037330752b11d?s=96&d=mm&r=g\",\"caption\":\"Pena\"},\"logo\":{\"@id\":\"https:\\\/\\\/secure.gravatar.com\\\/avatar\\\/bcbe928b6cce5513b067a38245751c38909a064f7043a1904dd037330752b11d?s=96&d=mm&r=g\"},\"sameAs\":[\"https:\\\/\\\/www.penankeitot.fi\\\/blogi\"]}]}<\/script>\n<!-- \/ Yoast SEO plugin. -->","yoast_head_json":{"title":"Reseptit - Penankeitot","description":"Poweria keitoista! T\u00e4m\u00e4 ruokablogi keskittyy erityisesti teemaan kevyet, edulliset, terveelliset ja maukkaat keitot ja keitokset.","robots":{"index":"index","follow":"follow","max-snippet":"max-snippet:-1","max-image-preview":"max-image-preview:large","max-video-preview":"max-video-preview:-1"},"canonical":"https:\/\/www.penankeitot.fi\/blogi\/","og_locale":"fi_FI","og_type":"article","og_title":"Reseptit - Penankeitot","og_description":"Poweria keitoista! T\u00e4m\u00e4 ruokablogi keskittyy erityisesti teemaan kevyet, edulliset, terveelliset ja maukkaat keitot ja keitokset.","og_url":"https:\/\/www.penankeitot.fi\/blogi\/","og_site_name":"Penankeitot","article_modified_time":"2021-06-18T07:25:20+00:00","twitter_card":"summary_large_image","twitter_misc":{"Arvioitu lukuaika":"1 minuutti"},"schema":{"@context":"https:\/\/schema.org","@graph":[{"@type":"WebPage","@id":"https:\/\/www.penankeitot.fi\/blogi\/","url":"https:\/\/www.penankeitot.fi\/blogi\/","name":"Reseptit - Penankeitot","isPartOf":{"@id":"https:\/\/www.penankeitot.fi\/blogi\/#website"},"datePublished":"2021-02-08T13:25:11+00:00","dateModified":"2021-06-18T07:25:20+00:00","description":"Poweria keitoista! T\u00e4m\u00e4 ruokablogi keskittyy erityisesti teemaan kevyet, edulliset, terveelliset ja maukkaat keitot ja keitokset.","breadcrumb":{"@id":"https:\/\/www.penankeitot.fi\/blogi\/#breadcrumb"},"inLanguage":"fi","potentialAction":[{"@type":"ReadAction","target":["https:\/\/www.penankeitot.fi\/blogi\/"]}]},{"@type":"BreadcrumbList","@id":"https:\/\/www.penankeitot.fi\/blogi\/#breadcrumb","itemListElement":[{"@type":"ListItem","position":1,"name":"Etusivu","item":"https:\/\/www.penankeitot.fi\/blogi\/"},{"@type":"ListItem","position":2,"name":"Reseptit"}]},{"@type":"WebSite","@id":"https:\/\/www.penankeitot.fi\/blogi\/#website","url":"https:\/\/www.penankeitot.fi\/blogi\/","name":"Penankeitot","description":"Yksi WordPress sivusto","publisher":{"@id":"https:\/\/www.penankeitot.fi\/blogi\/#\/schema\/person\/ba73f2d82a47e9583ac44a6f4f9d4dd3"},"potentialAction":[{"@type":"SearchAction","target":{"@type":"EntryPoint","urlTemplate":"https:\/\/www.penankeitot.fi\/blogi\/?s={search_term_string}"},"query-input":{"@type":"PropertyValueSpecification","valueRequired":true,"valueName":"search_term_string"}}],"inLanguage":"fi"},{"@type":["Person","Organization"],"@id":"https:\/\/www.penankeitot.fi\/blogi\/#\/schema\/person\/ba73f2d82a47e9583ac44a6f4f9d4dd3","name":"Pena","image":{"@type":"ImageObject","inLanguage":"fi","@id":"https:\/\/secure.gravatar.com\/avatar\/bcbe928b6cce5513b067a38245751c38909a064f7043a1904dd037330752b11d?s=96&d=mm&r=g","url":"https:\/\/secure.gravatar.com\/avatar\/bcbe928b6cce5513b067a38245751c38909a064f7043a1904dd037330752b11d?s=96&d=mm&r=g","contentUrl":"https:\/\/secure.gravatar.com\/avatar\/bcbe928b6cce5513b067a38245751c38909a064f7043a1904dd037330752b11d?s=96&d=mm&r=g","caption":"Pena"},"logo":{"@id":"https:\/\/secure.gravatar.com\/avatar\/bcbe928b6cce5513b067a38245751c38909a064f7043a1904dd037330752b11d?s=96&d=mm&r=g"},"sameAs":["https:\/\/www.penankeitot.fi\/blogi"]}]}},"_links":{"self":[{"href":"https:\/\/www.penankeitot.fi\/blogi\/wp-json\/wp\/v2\/pages\/11","targetHints":{"allow":["GET"]}}],"collection":[{"href":"https:\/\/www.penankeitot.fi\/blogi\/wp-json\/wp\/v2\/pages"}],"about":[{"href":"https:\/\/www.penankeitot.fi\/blogi\/wp-json\/wp\/v2\/types\/page"}],"author":[{"embeddable":true,"href":"https:\/\/www.penankeitot.fi\/blogi\/wp-json\/wp\/v2\/users\/1"}],"replies":[{"embeddable":true,"href":"https:\/\/www.penankeitot.fi\/blogi\/wp-json\/wp\/v2\/comments?post=11"}],"version-history":[{"count":26,"href":"https:\/\/www.penankeitot.fi\/blogi\/wp-json\/wp\/v2\/pages\/11\/revisions"}],"predecessor-version":[{"id":161,"href":"https:\/\/www.penankeitot.fi\/blogi\/wp-json\/wp\/v2\/pages\/11\/revisions\/161"}],"wp:attachment":[{"href":"https:\/\/www.penankeitot.fi\/blogi\/wp-json\/wp\/v2\/media?parent=11"}],"curies":[{"name":"wp","href":"https:\/\/api.w.org\/{rel}","templated":true}]}}